{"id":6961,"date":"2022-10-09T22:11:59","date_gmt":"2022-10-09T22:11:59","guid":{"rendered":"https:\/\/hausderantike.de\/?page_id=6961"},"modified":"2022-10-21T15:04:59","modified_gmt":"2022-10-21T15:04:59","slug":"impressum","status":"publish","type":"page","link":"https:\/\/hausderantike.de\/?page_id=6961","title":{"rendered":"Impressum"},"content":{"rendered":"<h4 id=\"1099921799\" class=\"u_1099921799 dmNewParagraph\" style=\"text-align: center;\" data-inject=\"impressum-paragraphTitle1\" data-element-type=\"paragraph\">Verantwortlich:<\/h4>\n<div id=\"1242833016\" class=\"u_1242833016 dmNewParagraph\" style=\"text-align: center;\" data-inject=\"impressum-paragraphText1\">J\u00fcrgen Helmrich<\/div>\n<h4 id=\"1669622938\" class=\"u_1669622938 dmNewParagraph\" style=\"text-align: center;\" data-inject=\"impressum-paragraphTitle2\" data-element-type=\"paragraph\">Kontakt:<\/h4>\n<div id=\"1239912859\" class=\"u_1239912859 dmNewParagraph\" data-inject=\"impressum-paragraphText2\">\n<div style=\"text-align: center;\">J\u00fcrgen Helmrich<\/div>\n<div style=\"text-align: center;\">Rothenburger Str. 28<\/div>\n<div style=\"text-align: center;\">90443 N\u00fcrnberg<\/div>\n<div style=\"text-align: center;\">Tel. 004915201765338<\/div>\n<\/div>\n<h4 id=\"1922097649\" class=\"u_1922097649 dmNewParagraph\" style=\"text-align: center;\" data-inject=\"impressum-paragraphTitle4\" data-element-type=\"paragraph\">Umsatzsteuer-ID:<\/h4>\n<div id=\"1482594675\" class=\"u_1482594675 dmNewParagraph\" style=\"text-align: center;\" data-inject=\"impressum-paragraphText4\">DE133287324<\/div>\n<h4 id=\"1842428427\" class=\"u_1842428427 dmNewParagraph\" style=\"text-align: center;\" data-inject=\"impressum-paragraphTitle6\" data-element-type=\"paragraph\">Aufsichtsbeh\u00f6rde:<\/h4>\n<div id=\"1925120454\" class=\"u_1925120454 dmNewParagraph\" data-inject=\"impressum-paragraphText6\">\n<div style=\"text-align: center;\">Regierung von Oberbayern<\/div>\n<div style=\"text-align: center;\">Gewerbeaufsichtsamt<\/div>\n<div style=\"text-align: center;\">He\u00dfstra\u00dfe 130<\/div>\n<div style=\"text-align: center;\">80797 M\u00fcnchen<\/div>\n<div style=\"text-align: center;\">Tel.: 089\/2176-1<\/div>\n<div style=\"text-align: center;\">Fax.: 089\/2176-3102<\/div>\n<div style=\"text-align: center;\">Internet: www.gaa-m.bayern.de<\/div>\n<div style=\"text-align: center;\">E-Mail: vzgaa@reg-ob.bayern.de<\/div>\n<\/div>\n<p>\u00a0<\/p>\n\n\n<p><h3 id=\"1099921799\" class=\"u_1099921799 dmNewParagraph\" data-inject=\"impressum-paragraphTitle1\" data-element-type=\"paragraph\"><h3 id=\"1669622938\" class=\"u_1669622938 dmNewParagraph\" data-inject=\"impressum-paragraphTitle2\" data-element-type=\"paragraph\"> <div id=\"1239912859\" class=\"u_1239912859 dmNewParagraph\" data-inject=\"impressum-paragraphText2\"> <\/div><div id=\"1925120454\" class=\"u_1925120454 dmNewParagraph\" data-inject=\"impressum-paragraphText6\"> <\/div><\/p>\n","protected":false},"excerpt":{"rendered":"<p>Verantwortlich: J\u00fcrgen Helmrich Kontakt: J\u00fcrgen Helmrich Rothenburger Str. 28 90443 N\u00fcrnberg Tel. 004915201765338 Umsatzsteuer-ID: DE133287324 Aufsichtsbeh\u00f6rde: Regierung von Oberbayern Gewerbeaufsichtsamt He\u00dfstra\u00dfe 130 80797 M\u00fcnchen Tel.: 089\/2176-1 Fax.: 089\/2176-3102 Internet: www.gaa-m.bayern.de E-Mail: vzgaa@reg-ob.bayern.de \u00a0<\/p>\n","protected":false},"author":4,"featured_media":0,"parent":0,"menu_order":0,"comment_status":"closed","ping_status":"closed","template":"","meta":{"footnotes":""},"class_list":["post-6961","page","type-page","status-publish","hentry"],"yoast_head":"<!-- This site is optimized with the Yoast SEO plugin v27.4 - https:\/\/yoast.com\/product\/yoast-seo-wordpress\/ -->\n<title>Impressum - Haus der Antike<\/title>\n<meta name=\"robots\" content=\"index, follow, max-snippet:-1, max-image-preview:large, max-video-preview:-1\" \/>\n<link rel=\"canonical\" href=\"https:\/\/hausderantike.de\/?page_id=6961\" \/>\n<meta property=\"og:locale\" content=\"de_DE\" \/>\n<meta property=\"og:type\" content=\"article\" \/>\n<meta property=\"og:title\" content=\"Impressum - Haus der Antike\" \/>\n<meta property=\"og:description\" content=\"Verantwortlich: J\u00fcrgen Helmrich Kontakt: J\u00fcrgen Helmrich Rothenburger Str. 28 90443 N\u00fcrnberg Tel. 004915201765338 Umsatzsteuer-ID: DE133287324 Aufsichtsbeh\u00f6rde: Regierung von Oberbayern Gewerbeaufsichtsamt He\u00dfstra\u00dfe 130 80797 M\u00fcnchen Tel.: 089\/2176-1 Fax.: 089\/2176-3102 Internet: www.gaa-m.bayern.de E-Mail: vzgaa@reg-ob.bayern.de \u00a0\" \/>\n<meta property=\"og:url\" content=\"https:\/\/hausderantike.de\/?page_id=6961\" \/>\n<meta property=\"og:site_name\" content=\"Haus der Antike\" \/>\n<meta property=\"article:modified_time\" content=\"2022-10-21T15:04:59+00:00\" \/>\n<meta name=\"twitter:card\" content=\"summary_large_image\" \/>\n<script type=\"application\/ld+json\" class=\"yoast-schema-graph\">{\"@context\":\"https:\\\/\\\/schema.org\",\"@graph\":[{\"@type\":\"WebPage\",\"@id\":\"https:\\\/\\\/hausderantike.de\\\/?page_id=6961\",\"url\":\"https:\\\/\\\/hausderantike.de\\\/?page_id=6961\",\"name\":\"Impressum - Haus der Antike\",\"isPartOf\":{\"@id\":\"https:\\\/\\\/hausderantike.de\\\/#website\"},\"datePublished\":\"2022-10-09T22:11:59+00:00\",\"dateModified\":\"2022-10-21T15:04:59+00:00\",\"breadcrumb\":{\"@id\":\"https:\\\/\\\/hausderantike.de\\\/?page_id=6961#breadcrumb\"},\"inLanguage\":\"de\",\"potentialAction\":[{\"@type\":\"ReadAction\",\"target\":[\"https:\\\/\\\/hausderantike.de\\\/?page_id=6961\"]}]},{\"@type\":\"BreadcrumbList\",\"@id\":\"https:\\\/\\\/hausderantike.de\\\/?page_id=6961#breadcrumb\",\"itemListElement\":[{\"@type\":\"ListItem\",\"position\":1,\"name\":\"Startseite\",\"item\":\"https:\\\/\\\/hausderantike.de\\\/\"},{\"@type\":\"ListItem\",\"position\":2,\"name\":\"Impressum\"}]},{\"@type\":\"WebSite\",\"@id\":\"https:\\\/\\\/hausderantike.de\\\/#website\",\"url\":\"https:\\\/\\\/hausderantike.de\\\/\",\"name\":\"Haus der Antike\",\"description\":\"Antiquit&auml;ten, Antike M&ouml;bel, Kuriosit&auml;ten\",\"publisher\":{\"@id\":\"https:\\\/\\\/hausderantike.de\\\/#organization\"},\"potentialAction\":[{\"@type\":\"SearchAction\",\"target\":{\"@type\":\"EntryPoint\",\"urlTemplate\":\"https:\\\/\\\/hausderantike.de\\\/?s={search_term_string}\"},\"query-input\":{\"@type\":\"PropertyValueSpecification\",\"valueRequired\":true,\"valueName\":\"search_term_string\"}}],\"inLanguage\":\"de\"},{\"@type\":\"Organization\",\"@id\":\"https:\\\/\\\/hausderantike.de\\\/#organization\",\"name\":\"Haus der Antike\",\"url\":\"https:\\\/\\\/hausderantike.de\\\/\",\"logo\":{\"@type\":\"ImageObject\",\"inLanguage\":\"de\",\"@id\":\"https:\\\/\\\/hausderantike.de\\\/#\\\/schema\\\/logo\\\/image\\\/\",\"url\":\"https:\\\/\\\/hausderantike.de\\\/wp-content\\\/uploads\\\/2022\\\/11\\\/Haus-der-Antike-logo3.png\",\"contentUrl\":\"https:\\\/\\\/hausderantike.de\\\/wp-content\\\/uploads\\\/2022\\\/11\\\/Haus-der-Antike-logo3.png\",\"width\":300,\"height\":72,\"caption\":\"Haus der Antike\"},\"image\":{\"@id\":\"https:\\\/\\\/hausderantike.de\\\/#\\\/schema\\\/logo\\\/image\\\/\"}}]}<\/script>\n<!-- \/ Yoast SEO plugin. -->","yoast_head_json":{"title":"Impressum - Haus der Antike","robots":{"index":"index","follow":"follow","max-snippet":"max-snippet:-1","max-image-preview":"max-image-preview:large","max-video-preview":"max-video-preview:-1"},"canonical":"https:\/\/hausderantike.de\/?page_id=6961","og_locale":"de_DE","og_type":"article","og_title":"Impressum - Haus der Antike","og_description":"Verantwortlich: J\u00fcrgen Helmrich Kontakt: J\u00fcrgen Helmrich Rothenburger Str. 28 90443 N\u00fcrnberg Tel. 004915201765338 Umsatzsteuer-ID: DE133287324 Aufsichtsbeh\u00f6rde: Regierung von Oberbayern Gewerbeaufsichtsamt He\u00dfstra\u00dfe 130 80797 M\u00fcnchen Tel.: 089\/2176-1 Fax.: 089\/2176-3102 Internet: www.gaa-m.bayern.de E-Mail: vzgaa@reg-ob.bayern.de \u00a0","og_url":"https:\/\/hausderantike.de\/?page_id=6961","og_site_name":"Haus der Antike","article_modified_time":"2022-10-21T15:04:59+00:00","twitter_card":"summary_large_image","schema":{"@context":"https:\/\/schema.org","@graph":[{"@type":"WebPage","@id":"https:\/\/hausderantike.de\/?page_id=6961","url":"https:\/\/hausderantike.de\/?page_id=6961","name":"Impressum - Haus der Antike","isPartOf":{"@id":"https:\/\/hausderantike.de\/#website"},"datePublished":"2022-10-09T22:11:59+00:00","dateModified":"2022-10-21T15:04:59+00:00","breadcrumb":{"@id":"https:\/\/hausderantike.de\/?page_id=6961#breadcrumb"},"inLanguage":"de","potentialAction":[{"@type":"ReadAction","target":["https:\/\/hausderantike.de\/?page_id=6961"]}]},{"@type":"BreadcrumbList","@id":"https:\/\/hausderantike.de\/?page_id=6961#breadcrumb","itemListElement":[{"@type":"ListItem","position":1,"name":"Startseite","item":"https:\/\/hausderantike.de\/"},{"@type":"ListItem","position":2,"name":"Impressum"}]},{"@type":"WebSite","@id":"https:\/\/hausderantike.de\/#website","url":"https:\/\/hausderantike.de\/","name":"Haus der Antike","description":"Antiquit&auml;ten, Antike M&ouml;bel, Kuriosit&auml;ten","publisher":{"@id":"https:\/\/hausderantike.de\/#organization"},"potentialAction":[{"@type":"SearchAction","target":{"@type":"EntryPoint","urlTemplate":"https:\/\/hausderantike.de\/?s={search_term_string}"},"query-input":{"@type":"PropertyValueSpecification","valueRequired":true,"valueName":"search_term_string"}}],"inLanguage":"de"},{"@type":"Organization","@id":"https:\/\/hausderantike.de\/#organization","name":"Haus der Antike","url":"https:\/\/hausderantike.de\/","logo":{"@type":"ImageObject","inLanguage":"de","@id":"https:\/\/hausderantike.de\/#\/schema\/logo\/image\/","url":"https:\/\/hausderantike.de\/wp-content\/uploads\/2022\/11\/Haus-der-Antike-logo3.png","contentUrl":"https:\/\/hausderantike.de\/wp-content\/uploads\/2022\/11\/Haus-der-Antike-logo3.png","width":300,"height":72,"caption":"Haus der Antike"},"image":{"@id":"https:\/\/hausderantike.de\/#\/schema\/logo\/image\/"}}]}},"_links":{"self":[{"href":"https:\/\/hausderantike.de\/index.php?rest_route=\/wp\/v2\/pages\/6961","targetHints":{"allow":["GET"]}}],"collection":[{"href":"https:\/\/hausderantike.de\/index.php?rest_route=\/wp\/v2\/pages"}],"about":[{"href":"https:\/\/hausderantike.de\/index.php?rest_route=\/wp\/v2\/types\/page"}],"author":[{"embeddable":true,"href":"https:\/\/hausderantike.de\/index.php?rest_route=\/wp\/v2\/users\/4"}],"replies":[{"embeddable":true,"href":"https:\/\/hausderantike.de\/index.php?rest_route=%2Fwp%2Fv2%2Fcomments&post=6961"}],"version-history":[{"count":5,"href":"https:\/\/hausderantike.de\/index.php?rest_route=\/wp\/v2\/pages\/6961\/revisions"}],"predecessor-version":[{"id":7071,"href":"https:\/\/hausderantike.de\/index.php?rest_route=\/wp\/v2\/pages\/6961\/revisions\/7071"}],"wp:attachment":[{"href":"https:\/\/hausderantike.de\/index.php?rest_route=%2Fwp%2Fv2%2Fmedia&parent=6961"}],"curies":[{"name":"wp","href":"https:\/\/api.w.org\/{rel}","templated":true}]}}